{"id":62,"date":"2024-08-12T23:16:17","date_gmt":"2024-08-12T23:16:17","guid":{"rendered":"https:\/\/radioterapiaoncologiamarly.com\/?page_id=62"},"modified":"2025-04-30T17:31:32","modified_gmt":"2025-04-30T17:31:32","slug":"servicios","status":"publish","type":"page","link":"https:\/\/radioterapiaoncologiamarly.com\/?page_id=62","title":{"rendered":"SERVICIOS"},"content":{"rendered":"\t\t<div data-elementor-type=\"wp-page\" data-elementor-id=\"62\" class=\"elementor elementor-62\">\n\t\t\t\t<div class=\"elementor-element elementor-element-5010aa8 e-flex e-con-boxed e-con e-parent\" data-id=\"5010aa8\" data-element_type=\"container\">\n\t\t\t\t\t<div class=\"e-con-inner\">\n\t\t\t\t\t<\/div>\n\t\t\t\t<\/div>\n\t\t<div class=\"elementor-element elementor-element-4bd64bb e-con-full e-flex e-con e-parent\" data-id=\"4bd64bb\" data-element_type=\"container\">\n\t\t<div class=\"elementor-element elementor-element-f641e3a e-con-full e-flex e-con e-child\" data-id=\"f641e3a\" data-element_type=\"container\">\n\t\t\t\t<div class=\"elementor-element elementor-element-4d08dfa elementor-widget elementor-widget-heading\" data-id=\"4d08dfa\" data-element_type=\"widget\" data-widget_type=\"heading.default\">\n\t\t\t\t<div class=\"elementor-widget-container\">\n\t\t\t\t\t<h2 class=\"elementor-heading-title elementor-size-default\">Nuestros<br> Servicios<\/h2>\t\t\t\t<\/div>\n\t\t\t\t<\/div>\n\t\t\t\t<\/div>\n\t\t\t\t<div class=\"elementor-element elementor-element-71f8db0 elementor-widget-divider--view-line elementor-widget elementor-widget-divider\" data-id=\"71f8db0\" data-element_type=\"widget\" data-widget_type=\"divider.default\">\n\t\t\t\t<div class=\"elementor-widget-container\">\n\t\t\t\t\t\t\t<div class=\"elementor-divider\">\n\t\t\t<span class=\"elementor-divider-separator\">\n\t\t\t\t\t\t<\/span>\n\t\t<\/div>\n\t\t\t\t\t\t<\/div>\n\t\t\t\t<\/div>\n\t\t\t\t<\/div>\n\t\t<div class=\"elementor-element elementor-element-1b409d9 e-flex e-con-boxed e-con e-parent\" data-id=\"1b409d9\" data-element_type=\"container\">\n\t\t\t\t\t<div class=\"e-con-inner\">\n\t\t<div class=\"elementor-element elementor-element-f880c89 e-grid e-con-full e-con e-child\" data-id=\"f880c89\" data-element_type=\"container\" data-settings=\"{&quot;background_background&quot;:&quot;classic&quot;}\">\n\t\t\t\t<div class=\"elementor-element elementor-element-862b18b elementor-position-top elementor-widget elementor-widget-image-box\" data-id=\"862b18b\" data-element_type=\"widget\" data-widget_type=\"image-box.default\">\n\t\t\t\t<div class=\"elementor-widget-container\">\n\t\t\t\t\t<div class=\"elementor-image-box-wrapper\"><figure class=\"elementor-image-box-img\"><a href=\"https:\/\/radioterapiaoncologiamarly.com\/oncologia-clinica-quimioterapia\/\" target=\"_blank\" tabindex=\"-1\"><img fetchpriority=\"high\" decoding=\"async\" width=\"740\" height=\"555\" src=\"https:\/\/radioterapiaoncologiamarly.com\/wp-content\/uploads\/2024\/08\/d5e112a4d58a57110c06cede615ec3e0_740x556_fit.jpeg\" class=\"attachment-full size-full wp-image-327\" alt=\"\" srcset=\"https:\/\/radioterapiaoncologiamarly.com\/wp-content\/uploads\/2024\/08\/d5e112a4d58a57110c06cede615ec3e0_740x556_fit.jpeg 740w, https:\/\/radioterapiaoncologiamarly.com\/wp-content\/uploads\/2024\/08\/d5e112a4d58a57110c06cede615ec3e0_740x556_fit-300x225.jpeg 300w\" sizes=\"(max-width: 740px) 100vw, 740px\" \/><\/a><\/figure><div class=\"elementor-image-box-content\"><h3 class=\"elementor-image-box-title\"><a href=\"https:\/\/radioterapiaoncologiamarly.com\/oncologia-clinica-quimioterapia\/\" target=\"_blank\"> Oncolog\u00eda Cl\u00ednica Quimioterapia<\/a><\/h3><\/div><\/div>\t\t\t\t<\/div>\n\t\t\t\t<\/div>\n\t\t\t\t<div class=\"elementor-element elementor-element-370804b elementor-position-top elementor-widget elementor-widget-image-box\" data-id=\"370804b\" data-element_type=\"widget\" data-widget_type=\"image-box.default\">\n\t\t\t\t<div class=\"elementor-widget-container\">\n\t\t\t\t\t<div class=\"elementor-image-box-wrapper\"><figure class=\"elementor-image-box-img\"><a href=\"https:\/\/radioterapiaoncologiamarly.com\/oncologia-radioterapia\/\" target=\"_blank\" tabindex=\"-1\"><img decoding=\"async\" width=\"740\" height=\"493\" src=\"https:\/\/radioterapiaoncologiamarly.com\/wp-content\/uploads\/2024\/08\/873fc887262b5cfa52a91205c63ea92e_740x494_fit.jpg\" class=\"attachment-full size-full wp-image-328\" alt=\"\" srcset=\"https:\/\/radioterapiaoncologiamarly.com\/wp-content\/uploads\/2024\/08\/873fc887262b5cfa52a91205c63ea92e_740x494_fit.jpg 740w, https:\/\/radioterapiaoncologiamarly.com\/wp-content\/uploads\/2024\/08\/873fc887262b5cfa52a91205c63ea92e_740x494_fit-300x200.jpg 300w\" sizes=\"(max-width: 740px) 100vw, 740px\" \/><\/a><\/figure><div class=\"elementor-image-box-content\"><h3 class=\"elementor-image-box-title\"><a href=\"https:\/\/radioterapiaoncologiamarly.com\/oncologia-radioterapia\/\" target=\"_blank\">Oncolog\u00eda Radioter\u00e1pica<\/a><\/h3><\/div><\/div>\t\t\t\t<\/div>\n\t\t\t\t<\/div>\n\t\t\t\t<div class=\"elementor-element elementor-element-f320df3 elementor-position-top elementor-widget elementor-widget-image-box\" data-id=\"f320df3\" data-element_type=\"widget\" data-widget_type=\"image-box.default\">\n\t\t\t\t<div class=\"elementor-widget-container\">\n\t\t\t\t\t<div class=\"elementor-image-box-wrapper\"><figure class=\"elementor-image-box-img\"><a href=\"https:\/\/radioterapiaoncologiamarly.com\/cirugia-oncologica\/\" target=\"_blank\" tabindex=\"-1\"><img decoding=\"async\" width=\"720\" height=\"480\" src=\"https:\/\/radioterapiaoncologiamarly.com\/wp-content\/uploads\/2024\/08\/7ef54b89c1da334223d1010aba04e5bb_720x480_fit.jpeg\" class=\"attachment-full size-full wp-image-329\" alt=\"\" srcset=\"https:\/\/radioterapiaoncologiamarly.com\/wp-content\/uploads\/2024\/08\/7ef54b89c1da334223d1010aba04e5bb_720x480_fit.jpeg 720w, https:\/\/radioterapiaoncologiamarly.com\/wp-content\/uploads\/2024\/08\/7ef54b89c1da334223d1010aba04e5bb_720x480_fit-300x200.jpeg 300w\" sizes=\"(max-width: 720px) 100vw, 720px\" \/><\/a><\/figure><div class=\"elementor-image-box-content\"><h3 class=\"elementor-image-box-title\"><a href=\"https:\/\/radioterapiaoncologiamarly.com\/cirugia-oncologica\/\" target=\"_blank\">Cirug\u00eda Oncol\u00f3gica<\/a><\/h3><\/div><\/div>\t\t\t\t<\/div>\n\t\t\t\t<\/div>\n\t\t\t\t<\/div>\n\t\t\t\t\t<\/div>\n\t\t\t\t<\/div>\n\t\t<div class=\"elementor-element elementor-element-cc2fd02 e-flex e-con-boxed e-con e-parent\" data-id=\"cc2fd02\" data-element_type=\"container\">\n\t\t\t\t\t<div class=\"e-con-inner\">\n\t\t<div class=\"elementor-element elementor-element-8c7ccc3 e-grid e-con-full e-con e-child\" data-id=\"8c7ccc3\" data-element_type=\"container\">\n\t\t<div class=\"elementor-element elementor-element-b629155 e-con-full e-flex e-con e-child\" data-id=\"b629155\" data-element_type=\"container\" data-settings=\"{&quot;background_background&quot;:&quot;classic&quot;}\">\n\t\t\t\t<div class=\"elementor-element elementor-element-1727380 elementor-position-top elementor-widget elementor-widget-image-box\" data-id=\"1727380\" data-element_type=\"widget\" data-widget_type=\"image-box.default\">\n\t\t\t\t<div class=\"elementor-widget-container\">\n\t\t\t\t\t<div class=\"elementor-image-box-wrapper\"><figure class=\"elementor-image-box-img\"><a href=\"https:\/\/radioterapiaoncologiamarly.com\/servicios-complementarios\/\" target=\"_blank\" tabindex=\"-1\"><img loading=\"lazy\" decoding=\"async\" width=\"400\" height=\"400\" src=\"https:\/\/radioterapiaoncologiamarly.com\/wp-content\/uploads\/2024\/08\/1c1944fd9b369cba2bb604affe934082_400x400_fit.png\" class=\"attachment-full size-full wp-image-331\" alt=\"\" srcset=\"https:\/\/radioterapiaoncologiamarly.com\/wp-content\/uploads\/2024\/08\/1c1944fd9b369cba2bb604affe934082_400x400_fit.png 400w, https:\/\/radioterapiaoncologiamarly.com\/wp-content\/uploads\/2024\/08\/1c1944fd9b369cba2bb604affe934082_400x400_fit-300x300.png 300w, https:\/\/radioterapiaoncologiamarly.com\/wp-content\/uploads\/2024\/08\/1c1944fd9b369cba2bb604affe934082_400x400_fit-150x150.png 150w\" sizes=\"(max-width: 400px) 100vw, 400px\" \/><\/a><\/figure><div class=\"elementor-image-box-content\"><h3 class=\"elementor-image-box-title\"><a href=\"https:\/\/radioterapiaoncologiamarly.com\/servicios-complementarios\/\" target=\"_blank\">Servicios complementarios<\/a><\/h3><\/div><\/div>\t\t\t\t<\/div>\n\t\t\t\t<\/div>\n\t\t\t\t<\/div>\n\t\t<div class=\"elementor-element elementor-element-deb6f54 e-con-full e-flex e-con e-child\" data-id=\"deb6f54\" data-element_type=\"container\" data-settings=\"{&quot;background_background&quot;:&quot;classic&quot;}\">\n\t\t\t\t<div class=\"elementor-element elementor-element-5eddef1 elementor-position-top elementor-widget elementor-widget-image-box\" data-id=\"5eddef1\" data-element_type=\"widget\" data-widget_type=\"image-box.default\">\n\t\t\t\t<div class=\"elementor-widget-container\">\n\t\t\t\t\t<div class=\"elementor-image-box-wrapper\"><figure class=\"elementor-image-box-img\"><a href=\"https:\/\/radioterapiaoncologiamarly.com\/paquetes-de-tratamiento\/\" target=\"_blank\" tabindex=\"-1\"><img loading=\"lazy\" decoding=\"async\" width=\"400\" height=\"400\" src=\"https:\/\/radioterapiaoncologiamarly.com\/wp-content\/uploads\/2024\/08\/eaa717232970914997bdc09c7f2c0583_400x400_fit.png\" class=\"attachment-full size-full wp-image-332\" alt=\"\" srcset=\"https:\/\/radioterapiaoncologiamarly.com\/wp-content\/uploads\/2024\/08\/eaa717232970914997bdc09c7f2c0583_400x400_fit.png 400w, https:\/\/radioterapiaoncologiamarly.com\/wp-content\/uploads\/2024\/08\/eaa717232970914997bdc09c7f2c0583_400x400_fit-300x300.png 300w, https:\/\/radioterapiaoncologiamarly.com\/wp-content\/uploads\/2024\/08\/eaa717232970914997bdc09c7f2c0583_400x400_fit-150x150.png 150w\" sizes=\"(max-width: 400px) 100vw, 400px\" \/><\/a><\/figure><div class=\"elementor-image-box-content\"><h3 class=\"elementor-image-box-title\"><a href=\"https:\/\/radioterapiaoncologiamarly.com\/paquetes-de-tratamiento\/\" target=\"_blank\">Paquetes de tratamiento<\/a><\/h3><\/div><\/div>\t\t\t\t<\/div>\n\t\t\t\t<\/div>\n\t\t\t\t<\/div>\n\t\t\t\t<\/div>\n\t\t\t\t\t<\/div>\n\t\t\t\t<\/div>\n\t\t\t\t<\/div>\n\t\t","protected":false},"excerpt":{"rendered":"<p>Nuestros Servicios Oncolog\u00eda Cl\u00ednica Quimioterapia Oncolog\u00eda Radioter\u00e1pica Cirug\u00eda Oncol\u00f3gica Servicios complementarios Paquetes de tratamiento<\/p>\n","protected":false},"author":1,"featured_media":0,"parent":0,"menu_order":0,"comment_status":"closed","ping_status":"closed","template":"","meta":{"footnotes":""},"class_list":["post-62","page","type-page","status-publish","hentry"],"_links":{"self":[{"href":"https:\/\/radioterapiaoncologiamarly.com\/index.php?rest_route=\/wp\/v2\/pages\/62","targetHints":{"allow":["GET"]}}],"collection":[{"href":"https:\/\/radioterapiaoncologiamarly.com\/index.php?rest_route=\/wp\/v2\/pages"}],"about":[{"href":"https:\/\/radioterapiaoncologiamarly.com\/index.php?rest_route=\/wp\/v2\/types\/page"}],"author":[{"embeddable":true,"href":"https:\/\/radioterapiaoncologiamarly.com\/index.php?rest_route=\/wp\/v2\/users\/1"}],"replies":[{"embeddable":true,"href":"https:\/\/radioterapiaoncologiamarly.com\/index.php?rest_route=%2Fwp%2Fv2%2Fcomments&post=62"}],"version-history":[{"count":10,"href":"https:\/\/radioterapiaoncologiamarly.com\/index.php?rest_route=\/wp\/v2\/pages\/62\/revisions"}],"predecessor-version":[{"id":800,"href":"https:\/\/radioterapiaoncologiamarly.com\/index.php?rest_route=\/wp\/v2\/pages\/62\/revisions\/800"}],"wp:attachment":[{"href":"https:\/\/radioterapiaoncologiamarly.com\/index.php?rest_route=%2Fwp%2Fv2%2Fmedia&parent=62"}],"curies":[{"name":"wp","href":"https:\/\/api.w.org\/{rel}","templated":true}]}}